{"id":46237,"date":"2024-06-05T09:24:39","date_gmt":"2024-06-05T07:24:39","guid":{"rendered":"https:\/\/fixlabproducts.com\/cz\/product\/nano-polish-gratis\/"},"modified":"2025-01-27T09:20:36","modified_gmt":"2025-01-27T08:20:36","slug":"nano-polish-sale","status":"publish","type":"product","link":"https:\/\/fixlabproducts.com\/cz\/product\/nano-polish-sale\/","title":{"rendered":"Nano Polish"},"content":{"rendered":"","protected":false},"excerpt":{"rendered":"<p>NanoPolish v\u00e1m umo\u017en\u00ed, abyste si sami opravili \u0161kr\u00e1bance na sv\u00e9m aut\u011b! Je to efektivn\u00ed, jednoduch\u00fd a \u00fa\u017easn\u00fd produkt! Nechte sv\u00e9 auto, aby vypadalo jako \u00fapln\u011b nov\u00e9!<\/p>\n","protected":false},"featured_media":46279,"comment_status":"closed","ping_status":"closed","template":"","meta":{"_acf_changed":false,"inline_featured_image":false},"product_cat":[77],"product_tag":[],"class_list":{"0":"post-46237","1":"product","2":"type-product","3":"status-publish","4":"has-post-thumbnail","6":"product_cat-automobilove-vyrobky","8":"first","9":"instock","10":"sale","11":"shipping-taxable","12":"purchasable","13":"product-type-simple"},"acf":[],"_links":{"self":[{"href":"https:\/\/fixlabproducts.com\/cz\/wp-json\/wp\/v2\/product\/46237"}],"collection":[{"href":"https:\/\/fixlabproducts.com\/cz\/wp-json\/wp\/v2\/product"}],"about":[{"href":"https:\/\/fixlabproducts.com\/cz\/wp-json\/wp\/v2\/types\/product"}],"replies":[{"embeddable":true,"href":"https:\/\/fixlabproducts.com\/cz\/wp-json\/wp\/v2\/comments?post=46237"}],"wp:featuredmedia":[{"embeddable":true,"href":"https:\/\/fixlabproducts.com\/cz\/wp-json\/wp\/v2\/media\/46279"}],"wp:attachment":[{"href":"https:\/\/fixlabproducts.com\/cz\/wp-json\/wp\/v2\/media?parent=46237"}],"wp:term":[{"taxonomy":"product_cat","embeddable":true,"href":"https:\/\/fixlabproducts.com\/cz\/wp-json\/wp\/v2\/product_cat?post=46237"},{"taxonomy":"product_tag","embeddable":true,"href":"https:\/\/fixlabproducts.com\/cz\/wp-json\/wp\/v2\/product_tag?post=46237"}],"curies":[{"name":"wp","href":"https:\/\/api.w.org\/{rel}","templated":true}]}}