{"id":46165,"date":"2024-05-20T12:29:16","date_gmt":"2024-05-20T10:29:16","guid":{"rendered":"https:\/\/fixlabproducts.com\/cz\/product\/green-grass\/"},"modified":"2025-01-27T09:23:27","modified_gmt":"2025-01-27T08:23:27","slug":"green-grass","status":"publish","type":"product","link":"https:\/\/fixlabproducts.com\/cz\/product\/green-grass\/","title":{"rendered":"GREEN GRASS"},"content":{"rendered":"","protected":false},"excerpt":{"rendered":"<p>Jde o skv\u011bl\u00fd v\u00fdrobek pro v\u0161echny majitele dom\u00e1c\u00edch zv\u00ed\u0159at a pro ty, co se pot\u00fdkaj\u00ed s po\u0161kozen\u00fdm tr\u00e1vn\u00edkem a se za\u017eloutl\u00fdmi m\u00edsty.<\/p>\n","protected":false},"featured_media":46164,"comment_status":"closed","ping_status":"closed","template":"","meta":{"_acf_changed":false,"inline_featured_image":false},"product_cat":[76,89],"product_tag":[],"class_list":{"0":"post-46165","1":"product","2":"type-product","3":"status-publish","4":"has-post-thumbnail","6":"product_cat-dum-a-zahrada","7":"product_cat-winter-sale","9":"first","10":"instock","11":"sale","12":"shipping-taxable","13":"purchasable","14":"product-type-simple"},"acf":[],"_links":{"self":[{"href":"https:\/\/fixlabproducts.com\/cz\/wp-json\/wp\/v2\/product\/46165"}],"collection":[{"href":"https:\/\/fixlabproducts.com\/cz\/wp-json\/wp\/v2\/product"}],"about":[{"href":"https:\/\/fixlabproducts.com\/cz\/wp-json\/wp\/v2\/types\/product"}],"replies":[{"embeddable":true,"href":"https:\/\/fixlabproducts.com\/cz\/wp-json\/wp\/v2\/comments?post=46165"}],"wp:featuredmedia":[{"embeddable":true,"href":"https:\/\/fixlabproducts.com\/cz\/wp-json\/wp\/v2\/media\/46164"}],"wp:attachment":[{"href":"https:\/\/fixlabproducts.com\/cz\/wp-json\/wp\/v2\/media?parent=46165"}],"wp:term":[{"taxonomy":"product_cat","embeddable":true,"href":"https:\/\/fixlabproducts.com\/cz\/wp-json\/wp\/v2\/product_cat?post=46165"},{"taxonomy":"product_tag","embeddable":true,"href":"https:\/\/fixlabproducts.com\/cz\/wp-json\/wp\/v2\/product_tag?post=46165"}],"curies":[{"name":"wp","href":"https:\/\/api.w.org\/{rel}","templated":true}]}}