{"id":46148,"date":"2024-05-20T12:19:46","date_gmt":"2024-05-20T10:19:46","guid":{"rendered":"https:\/\/fixlabproducts.com\/cz\/product\/easyclean\/"},"modified":"2024-05-31T11:59:33","modified_gmt":"2024-05-31T09:59:33","slug":"easyclean","status":"publish","type":"product","link":"https:\/\/fixlabproducts.com\/cz\/product\/easyclean\/","title":{"rendered":"EASYCLEAN &#8211; \u010cisti\u010d d\u0159ez\u016f a odtok\u016f"},"content":{"rendered":"","protected":false},"excerpt":{"rendered":"<div id=\"tw-container\" class=\"YQaNob\" data-cp=\"1\" data-is-ver=\"false\" data-nnttsvi=\"1\" data-sm=\"1\" data-sugg-time=\"500\" data-sugg-url=\"https:\/\/clients1.google.com\/complete\/search\" data-uilc=\"sl\">\n<div id=\"tw-ob\" class=\"tw-src-ltr\">\n<div class=\"oSioSc\">\n<div id=\"tw-target\">\n<div id=\"kAz1tf\" class=\"g9WsWb\">\n<div id=\"tw-target-text-container\" class=\"tw-ta-container hide-focus-ring tw-nfl\">\n<p class=\"Body\"><span lang=\"CS\">\u010cisti\u010d d\u0159ez\u016f a odtok\u016f EASYCLEAN je dokonal\u00fdm \u0159e\u0161en\u00edm pro optim\u00e1ln\u00ed fungov\u00e1n\u00ed va\u0161eho vodovodn\u00edho syst\u00e9mu. Speci\u00e1ln\u011b vyvinut\u00fd \u010disti\u010d je navr\u017een tak, aby bez n\u00e1mahy rozpou\u0161t\u011bl organick\u00e9 l\u00e1tky zp\u016fsobuj\u00edc\u00ed ucp\u00e1v\u00e1n\u00ed, jako je mastnota, vlasy, pap\u00edr, zbytky m\u00fddla a olej. V\u00fdkonn\u00fd \u010disti\u010d je \u00fa\u010dinn\u00fd na v\u0161echny povrchy, v\u010detn\u011b potrub\u00ed, toalet, umyvadel a d\u0159ez\u016f, van a dal\u0161\u00edch hlavn\u00edch odtok\u016f.<\/span><\/p>\n<\/div>\n<\/div>\n<\/div>\n<\/div>\n<\/div>\n<\/div>\n","protected":false},"featured_media":46147,"comment_status":"closed","ping_status":"closed","template":"","meta":{"_acf_changed":false,"inline_featured_image":false},"product_cat":[183,16,74],"product_tag":[],"class_list":{"0":"post-46148","1":"product","2":"type-product","3":"status-publish","4":"has-post-thumbnail","6":"product_cat-domov-a-zahrada","7":"product_cat-uncategorized","8":"product_cat-hracky","10":"first","11":"instock","12":"sale","13":"shipping-taxable","14":"purchasable","15":"product-type-simple"},"acf":[],"_links":{"self":[{"href":"https:\/\/fixlabproducts.com\/cz\/wp-json\/wp\/v2\/product\/46148"}],"collection":[{"href":"https:\/\/fixlabproducts.com\/cz\/wp-json\/wp\/v2\/product"}],"about":[{"href":"https:\/\/fixlabproducts.com\/cz\/wp-json\/wp\/v2\/types\/product"}],"replies":[{"embeddable":true,"href":"https:\/\/fixlabproducts.com\/cz\/wp-json\/wp\/v2\/comments?post=46148"}],"wp:featuredmedia":[{"embeddable":true,"href":"https:\/\/fixlabproducts.com\/cz\/wp-json\/wp\/v2\/media\/46147"}],"wp:attachment":[{"href":"https:\/\/fixlabproducts.com\/cz\/wp-json\/wp\/v2\/media?parent=46148"}],"wp:term":[{"taxonomy":"product_cat","embeddable":true,"href":"https:\/\/fixlabproducts.com\/cz\/wp-json\/wp\/v2\/product_cat?post=46148"},{"taxonomy":"product_tag","embeddable":true,"href":"https:\/\/fixlabproducts.com\/cz\/wp-json\/wp\/v2\/product_tag?post=46148"}],"curies":[{"name":"wp","href":"https:\/\/api.w.org\/{rel}","templated":true}]}}