{"id":45874,"date":"2023-09-11T11:17:46","date_gmt":"2023-09-11T09:17:46","guid":{"rendered":"https:\/\/fixlabproducts.com\/cz\/?post_type=product&#038;p=45874"},"modified":"2024-05-31T11:59:06","modified_gmt":"2024-05-31T09:59:06","slug":"leak-proof","status":"publish","type":"product","link":"https:\/\/fixlabproducts.com\/cz\/product\/leak-proof\/","title":{"rendered":"LEAK PROOF \u2013 T\u011bsnic\u00ed sprej"},"content":{"rendered":"","protected":false},"excerpt":{"rendered":"<p>U\u017e v\u00e1s nebav\u00ed \u0159e\u0161it nep\u0159\u00edjemn\u00e9 net\u011bsnosti, praskliny a\u00a0mezery ve va\u0161em dom\u011b nebo vozidle? D\u00e1l u\u017e nehledejte\u00a0\u2013 n\u00e1\u0161 LEAK PROOF je tu, aby zachr\u00e1nil situaci! D\u00edky sv\u00fdm v\u00fdjime\u010dn\u00fdm t\u011bsnic\u00edm vlastnostem a v\u0161estrann\u00e9mu pou\u017eit\u00ed je tento produkt dokonal\u00fdm dopl\u0148kem va\u0161\u00ed sady n\u00e1stroj\u016f.<\/p>\n","protected":false},"featured_media":45875,"comment_status":"closed","ping_status":"closed","template":"","meta":{"_acf_changed":false,"inline_featured_image":false},"product_cat":[177,76],"product_tag":[],"class_list":{"0":"post-45874","1":"product","2":"type-product","3":"status-publish","4":"has-post-thumbnail","6":"product_cat-dom-in-vrt","7":"product_cat-dum-a-zahrada","9":"first","10":"instock","11":"sale","12":"shipping-taxable","13":"purchasable","14":"product-type-simple"},"acf":[],"_links":{"self":[{"href":"https:\/\/fixlabproducts.com\/cz\/wp-json\/wp\/v2\/product\/45874"}],"collection":[{"href":"https:\/\/fixlabproducts.com\/cz\/wp-json\/wp\/v2\/product"}],"about":[{"href":"https:\/\/fixlabproducts.com\/cz\/wp-json\/wp\/v2\/types\/product"}],"replies":[{"embeddable":true,"href":"https:\/\/fixlabproducts.com\/cz\/wp-json\/wp\/v2\/comments?post=45874"}],"wp:featuredmedia":[{"embeddable":true,"href":"https:\/\/fixlabproducts.com\/cz\/wp-json\/wp\/v2\/media\/45875"}],"wp:attachment":[{"href":"https:\/\/fixlabproducts.com\/cz\/wp-json\/wp\/v2\/media?parent=45874"}],"wp:term":[{"taxonomy":"product_cat","embeddable":true,"href":"https:\/\/fixlabproducts.com\/cz\/wp-json\/wp\/v2\/product_cat?post=45874"},{"taxonomy":"product_tag","embeddable":true,"href":"https:\/\/fixlabproducts.com\/cz\/wp-json\/wp\/v2\/product_tag?post=45874"}],"curies":[{"name":"wp","href":"https:\/\/api.w.org\/{rel}","templated":true}]}}