{"id":45847,"date":"2023-09-08T12:21:38","date_gmt":"2023-09-08T10:21:38","guid":{"rendered":"https:\/\/fixlabproducts.com\/cz\/?post_type=product&#038;p=45847"},"modified":"2024-06-07T10:14:54","modified_gmt":"2024-06-07T08:14:54","slug":"foam-pro","status":"publish","type":"product","link":"https:\/\/fixlabproducts.com\/cz\/product\/foam-pro\/","title":{"rendered":"FOAM PRO &#8211; V\u00edce\u00fa\u010delov\u00fd p\u011bnov\u00fd \u010disti\u010d"},"content":{"rendered":"","protected":false},"excerpt":{"rendered":"<p>Foam Pro v\u00e1m pom\u016f\u017ee s hloubkov\u00fdm \u010di\u0161t\u011bn\u00edm a obnovou povrchu bez n\u00e1mahy, tak\u017ee va\u0161e auto, lo\u010f i d\u016fm budou vypadat jako nov\u00e9. Foam Pro je ide\u00e1ln\u00ed pro v\u0161echny omyvateln\u00e9 nebo lakovan\u00e9 povrchy a snadno prom\u011bn\u00ed interi\u00e9r!<\/p>\n","protected":false},"featured_media":45848,"comment_status":"closed","ping_status":"closed","template":"","meta":{"_acf_changed":false,"inline_featured_image":false},"product_cat":[177,76],"product_tag":[],"class_list":{"0":"post-45847","1":"product","2":"type-product","3":"status-publish","4":"has-post-thumbnail","6":"product_cat-dom-in-vrt","7":"product_cat-dum-a-zahrada","9":"first","10":"instock","11":"sale","12":"shipping-taxable","13":"purchasable","14":"product-type-simple"},"acf":[],"_links":{"self":[{"href":"https:\/\/fixlabproducts.com\/cz\/wp-json\/wp\/v2\/product\/45847"}],"collection":[{"href":"https:\/\/fixlabproducts.com\/cz\/wp-json\/wp\/v2\/product"}],"about":[{"href":"https:\/\/fixlabproducts.com\/cz\/wp-json\/wp\/v2\/types\/product"}],"replies":[{"embeddable":true,"href":"https:\/\/fixlabproducts.com\/cz\/wp-json\/wp\/v2\/comments?post=45847"}],"wp:featuredmedia":[{"embeddable":true,"href":"https:\/\/fixlabproducts.com\/cz\/wp-json\/wp\/v2\/media\/45848"}],"wp:attachment":[{"href":"https:\/\/fixlabproducts.com\/cz\/wp-json\/wp\/v2\/media?parent=45847"}],"wp:term":[{"taxonomy":"product_cat","embeddable":true,"href":"https:\/\/fixlabproducts.com\/cz\/wp-json\/wp\/v2\/product_cat?post=45847"},{"taxonomy":"product_tag","embeddable":true,"href":"https:\/\/fixlabproducts.com\/cz\/wp-json\/wp\/v2\/product_tag?post=45847"}],"curies":[{"name":"wp","href":"https:\/\/api.w.org\/{rel}","templated":true}]}}