{"id":44901,"date":"2022-10-05T07:35:45","date_gmt":"2022-10-05T05:35:45","guid":{"rendered":"https:\/\/fixlabproducts.com\/cz\/?post_type=product&#038;p=44901"},"modified":"2024-06-07T10:10:25","modified_gmt":"2024-06-07T08:10:25","slug":"leak-stop-black-xl","status":"publish","type":"product","link":"https:\/\/fixlabproducts.com\/cz\/product\/leak-stop-black-xl\/","title":{"rendered":"Vodot\u011bsn\u00fd izola\u010dn\u00ed tmel 300ml"},"content":{"rendered":"","protected":false},"excerpt":{"rendered":"<p>P\u0159\u00edpravek umo\u017e\u0148uje rychlou opravu nejr\u016fzn\u011bj\u0161\u00edch prasklin a d\u011br. Chr\u00e1n\u00ed p\u0159ed vlhkost\u00ed a rz\u00ed na cel\u00e9 \u0159ad\u011b d\u016fle\u017eit\u00fdch povrch\u016f.<\/p>\n","protected":false},"featured_media":44907,"comment_status":"closed","ping_status":"closed","template":"","meta":{"_acf_changed":false,"inline_featured_image":false},"product_cat":[77,76],"product_tag":[],"class_list":{"0":"post-44901","1":"product","2":"type-product","3":"status-publish","4":"has-post-thumbnail","6":"product_cat-automobilove-vyrobky","7":"product_cat-dum-a-zahrada","9":"first","10":"instock","11":"sale","12":"shipping-taxable","13":"purchasable","14":"product-type-simple"},"acf":[],"_links":{"self":[{"href":"https:\/\/fixlabproducts.com\/cz\/wp-json\/wp\/v2\/product\/44901"}],"collection":[{"href":"https:\/\/fixlabproducts.com\/cz\/wp-json\/wp\/v2\/product"}],"about":[{"href":"https:\/\/fixlabproducts.com\/cz\/wp-json\/wp\/v2\/types\/product"}],"replies":[{"embeddable":true,"href":"https:\/\/fixlabproducts.com\/cz\/wp-json\/wp\/v2\/comments?post=44901"}],"wp:featuredmedia":[{"embeddable":true,"href":"https:\/\/fixlabproducts.com\/cz\/wp-json\/wp\/v2\/media\/44907"}],"wp:attachment":[{"href":"https:\/\/fixlabproducts.com\/cz\/wp-json\/wp\/v2\/media?parent=44901"}],"wp:term":[{"taxonomy":"product_cat","embeddable":true,"href":"https:\/\/fixlabproducts.com\/cz\/wp-json\/wp\/v2\/product_cat?post=44901"},{"taxonomy":"product_tag","embeddable":true,"href":"https:\/\/fixlabproducts.com\/cz\/wp-json\/wp\/v2\/product_tag?post=44901"}],"curies":[{"name":"wp","href":"https:\/\/api.w.org\/{rel}","templated":true}]}}